{"id":432,"date":"2021-07-30T23:33:04","date_gmt":"2021-07-30T23:33:04","guid":{"rendered":"https:\/\/guiainformatica.net\/web2\/?page_id=432"},"modified":"2021-09-04T15:57:02","modified_gmt":"2021-09-04T15:57:02","slug":"sistema-de-control-de-miembrosscm","status":"publish","type":"page","link":"https:\/\/guiainformatica.net\/web\/?page_id=432","title":{"rendered":"Sistema de Control de Miembros(SCM)"},"content":{"rendered":"\n<figure class=\"wp-block-image size-large\"><a href=\"https:\/\/guiainformatica.net\/web2\/wp-content\/uploads\/2021\/07\/scm-foto.jpg\"><img decoding=\"async\" src=\"https:\/\/guiainformatica.net\/web\/wp-content\/uploads\/2021\/07\/scm-foto.jpg\" alt=\"\"\/><\/a><\/figure>\n\n\n\n<div class=\"wp-block-image\"><figure class=\"aligncenter size-large\"><a href=\"https:\/\/guiainformatica.net\/web2\/wp-content\/uploads\/2021\/07\/GAFETTE-2.jpg\"><img decoding=\"async\" src=\"https:\/\/guiainformatica.net\/web\/wp-content\/uploads\/2021\/07\/GAFETTE-2.jpg\" alt=\"\"\/><\/a><\/figure><\/div>\n\n\n\n<p class=\"has-text-align-center\"><a href=\"mailto:sistemas@guiainformatica.net?subject=Solicito%20codigo%20de%20activacion%20de%20scm&amp;body=Numero%20de%20control:\">Solicita C\u00f3digo de Activaci\u00f3n<\/a><\/p>\n\n\n\n<p><strong>Este sistema es ideal para llevar el control de una organizaci\u00f3n por ejemplo:<\/strong><\/p>\n\n\n\n<p>&nbsp;\u2022 Auxiliar en control de registro de padr\u00f3n y licencias (Ayuntamientos Municipales)<\/p>\n\n\n\n<p>\u2022 Sindicatos<\/p>\n\n\n\n<p>\u2022 Partidos Pol\u00edticos<\/p>\n\n\n\n<p>\u2022 Manejo de cuotas o aportaciones<\/p>\n\n\n\n<p>\u2022 Organizaciones en general<\/p>\n\n\n\n<p>\u2022 Mutualidades de Taxistas<\/p>\n\n\n\n<p>\u2022 Asociaciones Colonos, Comerciales, Vecinales, Estudiantiles o Alumnos, etc.<\/p>\n\n\n\n<p>\u2022 C\u00e1maras Industriales, de Comercio, etc.<\/p>\n\n\n\n<p>\u2022 Federaciones de Trabajadores, Comerciales, Empresariales, Estudiantes, etc.<\/p>\n\n\n\n<p>\u2022 Plaza Comercial<\/p>\n\n\n\n<p>\u2022 Asociaciones Padres de Familias<\/p>\n\n\n\n<p>\u2022 Colegios profesionales(Contadores, Ingenieros, Arquitectos, Abogados, Etc)<\/p>\n\n\n\n<p>\u2022 Administraci\u00f3n de condominios<\/p>\n\n\n\n<p>\u2022 Auxiliar en control de registro parroquial (Registro Civil)<\/p>\n\n\n\n<p>\u2022 Clubes de amigos, etc.<\/p>\n\n\n\n<p>\u2022 Generaci\u00f3n y mantenimiento de padrones de personas y entidades<\/p>\n\n\n\n<p>\u2022 Padr\u00f3n de los miembros o integrantes con fotograf\u00eda<\/p>\n\n\n\n<p>\u2022 Impresi\u00f3n de recibos, cartas personalizadas, gafetes y\/o credenciales con c\u00f3digo de barras y fotograf\u00eda<\/p>\n\n\n\n<p>\u2022 Flexibilidad en la generaci\u00f3n de reportes<\/p>\n\n\n\n<p>\u2022&nbsp; Listados<\/p>\n\n\n\n<p>\u2022&nbsp; Saldos de miembros<\/p>\n\n\n\n<p>\u2022&nbsp; Cuotas recibidas<\/p>\n\n\n\n<p>\u2022&nbsp; Asistencia a eventos o asambleas<\/p>\n\n\n\n<h2 class=\"wp-block-heading\">&nbsp;<\/h2>\n\n\n\n<div class=\"wp-block-image\"><figure class=\"aligncenter size-large\"><a href=\"https:\/\/guiainformatica.net\/web\/sistemas\/scm\/adsfiles\/index.php\"><img decoding=\"async\" src=\"https:\/\/guiainformatica.net\/web\/wp-content\/uploads\/2021\/07\/boton.png\" alt=\"\"\/><\/a><\/figure><\/div>\n\n\n\n<p class=\"has-text-align-center\">\u00a0 \u00a0 \u00a0 \u00a0 \u00a0 \u00a0 \u00a0 \u00a0 \u00a0 \u00a0 Para mayores detalles y costos ver folletos<br><a href=\"http:\/\/www.guiainformatica.net\/sistemas\/scm\/Folleto-SCM21.pdf\">Ver folleto (Formato PDF)<\/a><\/p>\n\n\n\n<p class=\"has-text-align-center\">Tambi\u00e9n te podemos asistir en la instalaci\u00f3n si tuvieras alg\u00fan problema con esta, ver folleto.<\/p>\n","protected":false},"excerpt":{"rendered":"<p>Solicita C\u00f3digo de Activaci\u00f3n Este sistema es ideal para llevar el control de una organizaci\u00f3n por ejemplo: &nbsp;\u2022 Auxiliar en control de registro de padr\u00f3n y licencias (Ayuntamientos Municipales) \u2022 Sindicatos \u2022 Partidos Pol\u00edticos \u2022 Manejo de cuotas o aportaciones \u2022 Organizaciones en general \u2022 Mutualidades de Taxistas \u2022 Asociaciones Colonos, Comerciales, Vecinales, Estudiantiles o [&hellip;]<\/p>\n","protected":false},"author":2,"featured_media":0,"parent":0,"menu_order":0,"comment_status":"closed","ping_status":"closed","template":"","meta":{"footnotes":""},"class_list":["post-432","page","type-page","status-publish","hentry"],"_links":{"self":[{"href":"https:\/\/guiainformatica.net\/web\/index.php?rest_route=\/wp\/v2\/pages\/432","targetHints":{"allow":["GET"]}}],"collection":[{"href":"https:\/\/guiainformatica.net\/web\/index.php?rest_route=\/wp\/v2\/pages"}],"about":[{"href":"https:\/\/guiainformatica.net\/web\/index.php?rest_route=\/wp\/v2\/types\/page"}],"author":[{"embeddable":true,"href":"https:\/\/guiainformatica.net\/web\/index.php?rest_route=\/wp\/v2\/users\/2"}],"replies":[{"embeddable":true,"href":"https:\/\/guiainformatica.net\/web\/index.php?rest_route=%2Fwp%2Fv2%2Fcomments&post=432"}],"version-history":[{"count":4,"href":"https:\/\/guiainformatica.net\/web\/index.php?rest_route=\/wp\/v2\/pages\/432\/revisions"}],"predecessor-version":[{"id":509,"href":"https:\/\/guiainformatica.net\/web\/index.php?rest_route=\/wp\/v2\/pages\/432\/revisions\/509"}],"wp:attachment":[{"href":"https:\/\/guiainformatica.net\/web\/index.php?rest_route=%2Fwp%2Fv2%2Fmedia&parent=432"}],"curies":[{"name":"wp","href":"https:\/\/api.w.org\/{rel}","templated":true}]}}