{"id":437,"date":"2021-07-30T23:34:34","date_gmt":"2021-07-30T23:34:34","guid":{"rendered":"https:\/\/guiainformatica.net\/web2\/?page_id=437"},"modified":"2025-07-01T16:53:16","modified_gmt":"2025-07-01T16:53:16","slug":"utilerias","status":"publish","type":"page","link":"https:\/\/guiainformatica.net\/web\/?page_id=437","title":{"rendered":"Utiler\u00edas"},"content":{"rendered":"\n<div class=\"wp-block-columns is-layout-flex wp-container-core-columns-is-layout-9d6595d7 wp-block-columns-is-layout-flex\">\n<div class=\"wp-block-column is-layout-flow wp-block-column-is-layout-flow\">\n<h1 class=\"wp-block-heading has-text-align-center has-large-font-size\"><strong>Utiler\u00edas de Regalo para MSExcel<\/strong><br><strong>Funci\u00f3n para convertir de n\u00fameros a letras<\/strong><\/h1>\n\n\n<div class=\"wp-block-image\">\n<figure class=\"aligncenter size-large\"><a href=\"https:\/\/guiainformatica.net\/web2\/wp-content\/uploads\/2017\/05\/sistemas_clip_image003.jpg\"><img decoding=\"async\" src=\"https:\/\/guiainformatica.net\/web\/wp-content\/uploads\/2017\/05\/sistemas_clip_image003-300x94.jpg\" alt=\"\"\/><\/a><\/figure>\n<\/div><\/div>\n\n\n\n<div class=\"wp-block-column is-layout-flow wp-block-column-is-layout-flow\"><div class=\"wp-block-image\">\n<figure class=\"aligncenter size-full is-resized\"><a href=\"https:\/\/guiainformatica.net\/sistemas\/descargas\/excel\/data\/ads-Formulas.zip\"><img loading=\"lazy\" decoding=\"async\" width=\"401\" height=\"125\" src=\"https:\/\/guiainformatica.net\/web\/wp-content\/uploads\/2022\/05\/botondescarga.png\" alt=\"\" class=\"wp-image-536\" style=\"width:248px;height:78px\" srcset=\"https:\/\/guiainformatica.net\/web\/wp-content\/uploads\/2022\/05\/botondescarga.png 401w, https:\/\/guiainformatica.net\/web\/wp-content\/uploads\/2022\/05\/botondescarga-300x94.png 300w\" sizes=\"auto, (max-width: 401px) 100vw, 401px\" \/><\/a><\/figure>\n<\/div>\n\n\n<figure class=\"wp-block-embed is-type-video is-provider-youtube wp-block-embed-youtube wp-embed-aspect-16-9 wp-has-aspect-ratio\"><div class=\"wp-block-embed__wrapper\">\n<iframe loading=\"lazy\" title=\"Convierte N\u00fameros a Letras en Excel\" width=\"500\" height=\"281\" src=\"https:\/\/www.youtube.com\/embed\/EuWDZhhlux8?feature=oembed\" frameborder=\"0\" allow=\"accelerometer; autoplay; clipboard-write; encrypted-media; gyroscope; picture-in-picture; web-share\" referrerpolicy=\"strict-origin-when-cross-origin\" allowfullscreen><\/iframe>\n<\/div><\/figure>\n<\/div>\n<\/div>\n\n\n\n<p class=\"has-medium-font-size\">Pasos para instalar y usar:<br>1.- Descargar el archivo haga clic aqu\u00ed, el nombre del archivo es\u00a0<a href=\"https:\/\/guiainformatica.net\/sistemas\/descargas\/excel\/data\/ads-Formulas.zip\">\u00abads-formulas.zip\u00bb<\/a>, colocarlo en un lugar conocido y que respaldes normalmente y descomprimirlo, cualquier duda enviar correo a sistemas@guiainformatica.net<br>2.- Abrir MSExcel, posteriormente ir la opci\u00f3n herramientas\u2013>>complementos y marcar el archivo descargados (ads-formulas), si no aparece oprimir examinar para seleccionar el archivo.<\/p>\n\n\n<div class=\"wp-block-image\">\n<figure class=\"aligncenter size-large\"><a href=\"https:\/\/guiainformatica.net\/web2\/wp-content\/uploads\/2017\/05\/sistemas_clip_image004.jpg\"><img decoding=\"async\" src=\"https:\/\/guiainformatica.net\/web\/wp-content\/uploads\/2017\/05\/sistemas_clip_image004-300x203.jpg\" alt=\"\"\/><\/a><\/figure>\n<\/div>\n\n\n<p class=\"has-medium-font-size\"><br>3.- Una vez hecho lo anterior pueden la usar la funci\u00f3n desde insertar\u2013>>funci\u00f3n<br>y elegir dentro las categor\u00edas las definidas por el usuario all\u00ed encontraran<br>una llamada (NumToLet) que recibe dos par\u00e1metros el primero el n\u00famero o celda<br>que lo contenga para ser convertido y el segundo solo puede ser un 1 o 2 es<br>definir en la leyenda si son pesos(1), d\u00f3lares(2) y colones (3).<\/p>\n\n\n<div class=\"wp-block-image\">\n<figure class=\"aligncenter size-large\"><a href=\"https:\/\/guiainformatica.net\/web2\/wp-content\/uploads\/2017\/05\/sistemas_clip_image005.jpg\"><img decoding=\"async\" src=\"https:\/\/guiainformatica.net\/web\/wp-content\/uploads\/2017\/05\/sistemas_clip_image005-300x185.jpg\" alt=\"\"\/><\/a><\/figure>\n<\/div>\n\n\n<p class=\"has-medium-font-size\"><strong>Nota:<\/strong><br>Cabe mencionar que si env\u00edas la hoja de MSExcel donde utilizas esta formula a otra persona esta tendr\u00e1 problemas ya que no tiene la macro, pero lo puedes hacer es copiar y pegar utilizando el \u00abpegado especial\u00bb para que la columna donde est\u00e1n las cantidades con letra ya no sea una formula sino un texto normal como si lo hubieras tecleado o env\u00eda el archivo para que lo instale.<\/p>\n\n\n\n<p><\/p>\n\n\n\n<p><\/p>\n\n\n\n<p class=\"has-large-font-size\"><strong>Tabla de Amortizaci\u00f3n de un Pr\u00e9stamo<\/strong><\/p>\n\n\n\n<p class=\"has-medium-font-size\"><br>Pasos para instalar y usar:<br>1.- Descargar el archivo haga clic aqu\u00ed,el archivo es<a href=\"https:\/\/guiainformatica.net\/sistemas\/descargas\/excel\/data\/Tabla_de_Amortizacion.zip\">\u00a0\u00abTabla_de_Amortizacion.zip\u00bb<\/a>, cualquier duda enviar correo a sistemas@guiainformatica.net<br>2.- Al abrir archivo, posiblemente te mostrara esta ventana, ya que tienes unas macros solo debes de oprimir el bot\u00f3n de habilitar macros.<br>Pero si no permite abrirlo solo ve al men\u00fa de Herramientas<\/p>\n\n\n\n<p><\/p>\n","protected":false},"excerpt":{"rendered":"<p>Utiler\u00edas de Regalo para MSExcelFunci\u00f3n para convertir de n\u00fameros a letras Pasos para instalar y usar:1.- Descargar el archivo haga clic aqu\u00ed, el nombre del archivo es\u00a0\u00abads-formulas.zip\u00bb, colocarlo en un lugar conocido y que respaldes normalmente y descomprimirlo, cualquier duda enviar correo a sistemas@guiainformatica.net2.- Abrir MSExcel, posteriormente ir la opci\u00f3n herramientas\u2013>>complementos y marcar el archivo [&hellip;]<\/p>\n","protected":false},"author":2,"featured_media":0,"parent":0,"menu_order":0,"comment_status":"closed","ping_status":"closed","template":"","meta":{"footnotes":""},"class_list":["post-437","page","type-page","status-publish","hentry"],"_links":{"self":[{"href":"https:\/\/guiainformatica.net\/web\/index.php?rest_route=\/wp\/v2\/pages\/437","targetHints":{"allow":["GET"]}}],"collection":[{"href":"https:\/\/guiainformatica.net\/web\/index.php?rest_route=\/wp\/v2\/pages"}],"about":[{"href":"https:\/\/guiainformatica.net\/web\/index.php?rest_route=\/wp\/v2\/types\/page"}],"author":[{"embeddable":true,"href":"https:\/\/guiainformatica.net\/web\/index.php?rest_route=\/wp\/v2\/users\/2"}],"replies":[{"embeddable":true,"href":"https:\/\/guiainformatica.net\/web\/index.php?rest_route=%2Fwp%2Fv2%2Fcomments&post=437"}],"version-history":[{"count":12,"href":"https:\/\/guiainformatica.net\/web\/index.php?rest_route=\/wp\/v2\/pages\/437\/revisions"}],"predecessor-version":[{"id":725,"href":"https:\/\/guiainformatica.net\/web\/index.php?rest_route=\/wp\/v2\/pages\/437\/revisions\/725"}],"wp:attachment":[{"href":"https:\/\/guiainformatica.net\/web\/index.php?rest_route=%2Fwp%2Fv2%2Fmedia&parent=437"}],"curies":[{"name":"wp","href":"https:\/\/api.w.org\/{rel}","templated":true}]}}